{"id":31,"date":"2015-10-21T12:34:01","date_gmt":"2015-10-21T12:34:01","guid":{"rendered":"http:\/\/test.kriesi.at\/construction\/?page_id=31"},"modified":"2019-05-13T23:41:36","modified_gmt":"2019-05-13T23:41:36","slug":"empresa","status":"publish","type":"page","link":"https:\/\/adsaresiduos.com.mx\/?page_id=31","title":{"rendered":"Empresa"},"content":{"rendered":"<div id='av_section_1' class='avia-section main_color avia-section-default avia-no-border-styling avia-bg-style-scroll  avia-builder-el-0  el_before_av_button_big  avia-builder-el-first   container_wrap sidebar_right' style=' '  ><div class='container' ><main  role=\"main\" itemprop=\"mainContentOfPage\"  class='template-page content  av-content-small alpha units'><div class='post-entry post-entry-type-page post-entry-31'><div class='entry-content-wrapper clearfix'>\n<section class=\"av_textblock_section \"  itemscope=\"itemscope\" itemtype=\"https:\/\/schema.org\/CreativeWork\" ><div class='avia_textblock  '  style='font-size:15px; '  itemprop=\"text\" ><p><img loading=\"lazy\" decoding=\"async\" class=\"aligncenter wp-image-265\" src=\"http:\/\/proximodominio.com\/wp-content\/uploads\/2019\/05\/ADSA-Logo.png\" alt=\"\" width=\"306\" height=\"140\" srcset=\"https:\/\/adsaresiduos.com.mx\/wp-content\/uploads\/2019\/05\/ADSA-Logo.png 656w, https:\/\/adsaresiduos.com.mx\/wp-content\/uploads\/2019\/05\/ADSA-Logo-300x137.png 300w, https:\/\/adsaresiduos.com.mx\/wp-content\/uploads\/2019\/05\/ADSA-Logo-450x206.png 450w\" sizes=\"auto, (max-width: 306px) 100vw, 306px\" \/><\/p>\n<blockquote>\n<p style=\"text-align: left;\"><strong>Una empresa fundada en 1998<\/strong>, por empresarios <strong>mexicalenses<\/strong>, con inversi\u00f3n propia y extranjera, <strong>con m\u00e1s de 20 a\u00f1os de experiencia<\/strong> en el <em>manejo responsable y confinamiento de Residuos de Manejo Especial.<\/em><\/p>\n<p style=\"text-align: left;\">Con gran <strong>experiencia, solidez y prestigio<\/strong> en el sector industrial y de exportaci\u00f3n, en las operaciones de manejo, reciclado y confinamiento de <strong>RME.<\/strong><\/p>\n<\/blockquote>\n<\/div><\/section>\n<div style='padding-bottom:0px; margin-top:80px; ' class='av-special-heading av-special-heading-h2  blockquote modern-quote modern-centered  avia-builder-el-2  el_after_av_textblock  el_before_av_hr  av-thin-font '><h2 class='av-special-heading-tag '  itemprop=\"headline\"  >EXPERIENCIA <strong>RESPONSABLE<\/strong><\/h2><div class='special-heading-border'><div class='special-heading-inner-border' ><\/div><\/div><\/div>\n<div style=' margin-top:10px; margin-bottom:60px;'  class='hr hr-custom hr-center hr-icon-no   avia-builder-el-3  el_after_av_heading  el_before_av_one_half '><span class='hr-inner   inner-border-av-border-fat' style=' width:50px; border-color:#efbb20;' ><span class='hr-inner-style'><\/span><\/span><\/div>\n<div class=\"flex_column av_one_half  av-animated-generic bottom-to-top  flex_column_div av-zero-column-padding first  avia-builder-el-4  el_after_av_hr  el_before_av_one_half  \" style='border-radius:0px; '><p><div class='avia-image-container  av-styling-no-styling    avia-builder-el-5  el_before_av_hr  avia-builder-el-first  avia-align-center '  itemprop=\"ImageObject\" itemscope=\"itemscope\" itemtype=\"https:\/\/schema.org\/ImageObject\"  ><div class='avia-image-container-inner'><div class='avia-image-overlay-wrap'><img class='avia_image' src='https:\/\/adsaresiduos.com.mx\/wp-content\/uploads\/2019\/05\/ADSA-1.jpg' alt='' title='ADSA 1' height=\"795\" width=\"1600\"  itemprop=\"thumbnailUrl\"  \/><\/div><\/div><\/div><br \/>\n<div style=' margin-top:10px; margin-bottom:10px;'  class='hr hr-custom hr-left hr-icon-no   avia-builder-el-6  el_after_av_image  el_before_av_textblock '><span class='hr-inner   inner-border-av-border-fat' style=' width:50px; border-color:#efbb20;' ><span class='hr-inner-style'><\/span><\/span><\/div><br \/>\n<section class=\"av_textblock_section \"  itemscope=\"itemscope\" itemtype=\"https:\/\/schema.org\/CreativeWork\" ><div class='avia_textblock  '   itemprop=\"text\" ><p><em><strong>ADSA Residuos<\/strong> ha cumplido cabal y normativamente con sus clientes y con la legislaci\u00f3n relativa al cuidado del medio ambiente.<\/em><\/p>\n<\/div><\/section><\/p><\/div><div class=\"flex_column av_one_half  av-animated-generic bottom-to-top  flex_column_div av-zero-column-padding   avia-builder-el-8  el_after_av_one_half  el_before_av_hr  \" style='border-radius:0px; '><p><div class='avia-image-container  av-styling-no-styling    avia-builder-el-9  el_before_av_hr  avia-builder-el-first  avia-align-center '  itemprop=\"ImageObject\" itemscope=\"itemscope\" itemtype=\"https:\/\/schema.org\/ImageObject\"  ><div class='avia-image-container-inner'><div class='avia-image-overlay-wrap'><img class='avia_image' src='https:\/\/adsaresiduos.com.mx\/wp-content\/uploads\/2019\/05\/ADSA-2.jpg' alt='' title='ADSA 2' height=\"795\" width=\"1600\"  itemprop=\"thumbnailUrl\"  \/><\/div><\/div><\/div><br \/>\n<div style=' margin-top:10px; margin-bottom:10px;'  class='hr hr-custom hr-left hr-icon-no   avia-builder-el-10  el_after_av_image  el_before_av_textblock '><span class='hr-inner   inner-border-av-border-fat' style=' width:50px; border-color:#efbb20;' ><span class='hr-inner-style'><\/span><\/span><\/div><br \/>\n<section class=\"av_textblock_section \"  itemscope=\"itemscope\" itemtype=\"https:\/\/schema.org\/CreativeWork\" ><div class='avia_textblock  '   itemprop=\"text\" ><p><em>A trav\u00e9s del tiempo se ha convertido en una empresa s\u00f3lida y confiable que sirve a la industria, al sector comercial y de servicios.<\/em><\/p>\n<\/div><\/section><\/p><\/div><div style='height:50px' class='hr hr-invisible   avia-builder-el-12  el_after_av_one_half  el_before_av_one_third '><span class='hr-inner ' ><span class='hr-inner-style'><\/span><\/span><\/div>\n<div class=\"flex_column av_one_third  av-animated-generic bottom-to-top  flex_column_div av-zero-column-padding first  avia-builder-el-13  el_after_av_hr  el_before_av_one_third  \" style='margin-top:40px; margin-bottom:40px; border-radius:0px; '><article class=\"iconbox iconbox_left_content    avia-builder-el-14  avia-builder-el-no-sibling  \"  itemscope=\"itemscope\" itemtype=\"https:\/\/schema.org\/CreativeWork\" ><div class=\"iconbox_icon heading-color \" aria-hidden='true' data-av_icon='\ue84e' data-av_iconfont='entypo-fontello'  style='background-color:#ffffff; color:#edaa00; ' ><\/div><div class=\"iconbox_content\"><header class=\"entry-content-header\"><h3 class='iconbox_content_title '  itemprop=\"headline\"  >Cumplimiento de la ley.<\/h3><\/header><div class='iconbox_content_container  '  itemprop=\"text\"  ><\/div><\/div><footer class=\"entry-footer\"><\/footer><\/article><\/div><div class=\"flex_column av_one_third  av-animated-generic bottom-to-top  flex_column_div av-zero-column-padding   avia-builder-el-15  el_after_av_one_third  el_before_av_one_third  \" style='margin-top:40px; margin-bottom:40px; border-radius:0px; '><article class=\"iconbox iconbox_left_content    avia-builder-el-16  avia-builder-el-no-sibling  \"  itemscope=\"itemscope\" itemtype=\"https:\/\/schema.org\/CreativeWork\" ><div class=\"iconbox_icon heading-color \" aria-hidden='true' data-av_icon='\ue84d' data-av_iconfont='entypo-fontello'  style='background-color:#ffffff; color:#edaa00; ' ><\/div><div class=\"iconbox_content\"><header class=\"entry-content-header\"><h3 class='iconbox_content_title '  itemprop=\"headline\"  >Reglamentos, leyes y normas vigentes.<\/h3><\/header><div class='iconbox_content_container  '  itemprop=\"text\"  ><\/div><\/div><footer class=\"entry-footer\"><\/footer><\/article><\/div><div class=\"flex_column av_one_third  av-animated-generic bottom-to-top  flex_column_div av-zero-column-padding   avia-builder-el-17  el_after_av_one_third  avia-builder-el-last  \" style='margin-top:40px; margin-bottom:40px; border-radius:0px; '><article class=\"iconbox iconbox_left_content    avia-builder-el-18  avia-builder-el-no-sibling  \"  itemscope=\"itemscope\" itemtype=\"https:\/\/schema.org\/CreativeWork\" ><div class=\"iconbox_icon heading-color \" aria-hidden='true' data-av_icon='\ue812' data-av_iconfont='entypo-fontello'  style='background-color:#ffffff; color:#edaa00; ' ><\/div><div class=\"iconbox_content\"><header class=\"entry-content-header\"><h3 class='iconbox_content_title '  itemprop=\"headline\"  >Seguridad y tranquilidad del MRME.<\/h3><\/header><div class='iconbox_content_container  '  itemprop=\"text\"  ><\/div><\/div><footer class=\"entry-footer\"><\/footer><\/article><\/div>\n\n<div class='avia-button-wrap avia-button-center  avia-builder-el-19  el_after_av_section  avia-builder-el-last '><a href='https:\/\/adsaresiduos.com.mx\/?page_id=23' class='avia-button avia-button-fullwidth   avia-icon_select-yes-left-icon avia-color-theme-color '  style='color:#ffffff; ' ><span class='avia_button_icon avia_button_icon_left ' aria-hidden='true' data-av_icon='\ue81f' data-av_iconfont='entypo-fontello'><\/span><span class='avia_iconbox_title' >Cont\u00e1ctanos <\/span><div class='av-button-description av-button-description-below'><p>\u00bfDesea m\u00e1s informaci\u00f3n sobre nuestros productos y servicios?<\/p>\n<\/div><span class='avia_button_background avia-button avia-button-fullwidth avia-color-custom' style='background-color:#4f4f4f; '><\/span><\/a><\/div>\n","protected":false},"excerpt":{"rendered":"","protected":false},"author":1,"featured_media":0,"parent":0,"menu_order":0,"comment_status":"closed","ping_status":"closed","template":"","meta":{"footnotes":""},"class_list":["post-31","page","type-page","status-publish","hentry"],"_links":{"self":[{"href":"https:\/\/adsaresiduos.com.mx\/index.php?rest_route=\/wp\/v2\/pages\/31","targetHints":{"allow":["GET"]}}],"collection":[{"href":"https:\/\/adsaresiduos.com.mx\/index.php?rest_route=\/wp\/v2\/pages"}],"about":[{"href":"https:\/\/adsaresiduos.com.mx\/index.php?rest_route=\/wp\/v2\/types\/page"}],"author":[{"embeddable":true,"href":"https:\/\/adsaresiduos.com.mx\/index.php?rest_route=\/wp\/v2\/users\/1"}],"replies":[{"embeddable":true,"href":"https:\/\/adsaresiduos.com.mx\/index.php?rest_route=%2Fwp%2Fv2%2Fcomments&post=31"}],"version-history":[{"count":49,"href":"https:\/\/adsaresiduos.com.mx\/index.php?rest_route=\/wp\/v2\/pages\/31\/revisions"}],"predecessor-version":[{"id":417,"href":"https:\/\/adsaresiduos.com.mx\/index.php?rest_route=\/wp\/v2\/pages\/31\/revisions\/417"}],"wp:attachment":[{"href":"https:\/\/adsaresiduos.com.mx\/index.php?rest_route=%2Fwp%2Fv2%2Fmedia&parent=31"}],"curies":[{"name":"wp","href":"https:\/\/api.w.org\/{rel}","templated":true}]}}